{"id":3734,"date":"2018-10-01T10:36:59","date_gmt":"2018-10-01T10:36:59","guid":{"rendered":"http:\/\/apo33.org\/?page_id=3734"},"modified":"2025-03-19T10:14:17","modified_gmt":"2025-03-19T09:14:17","slug":"reservation-materiel","status":"publish","type":"page","link":"https:\/\/apo33.org\/?page_id=3734","title":{"rendered":"R\u00e9servation mat\u00e9riel"},"content":{"rendered":"<p>Apo-33 met \u00e0 disposition du mat\u00e9riel pour ses adh\u00e9rents. Demande \u00e0 faire par email 2 semaines avant la r\u00e9servation, envoyer un email ou passez les lundi apr\u00e9s-midi de 14h \u00e0 17h.<\/p>\n<p>Si vous n&#8217;\u00eates pas adh\u00e9rents, <strong><a href=\"http:\/\/apo33.org\/index.php\/fr\/adherer-a-apo33\/\">cliquez ici<\/a> <\/strong>pour vous renseigner sur l&#8217;adh\u00e9sion.<\/p>\n","protected":false},"excerpt":{"rendered":"<p>Apo-33 met \u00e0 disposition du mat\u00e9riel pour ses adh\u00e9rents. Demande \u00e0 faire par email 2 semaines avant la r\u00e9servation, envoyer un email ou passez les<a class=\"moretag\" href=\"https:\/\/apo33.org\/?page_id=3734\"> <span class=\"dashicons dashicons-plus\"><\/span><span class=\"dashicons dashicons-plus\"><\/span> <\/a><\/p>\n","protected":false},"author":3,"featured_media":0,"parent":0,"menu_order":0,"comment_status":"closed","ping_status":"closed","template":"","meta":{"_links_to":"","_links_to_target":""},"_links":{"self":[{"href":"https:\/\/apo33.org\/index.php?rest_route=\/wp\/v2\/pages\/3734"}],"collection":[{"href":"https:\/\/apo33.org\/index.php?rest_route=\/wp\/v2\/pages"}],"about":[{"href":"https:\/\/apo33.org\/index.php?rest_route=\/wp\/v2\/types\/page"}],"author":[{"embeddable":true,"href":"https:\/\/apo33.org\/index.php?rest_route=\/wp\/v2\/users\/3"}],"replies":[{"embeddable":true,"href":"https:\/\/apo33.org\/index.php?rest_route=%2Fwp%2Fv2%2Fcomments&post=3734"}],"version-history":[{"count":8,"href":"https:\/\/apo33.org\/index.php?rest_route=\/wp\/v2\/pages\/3734\/revisions"}],"predecessor-version":[{"id":11917,"href":"https:\/\/apo33.org\/index.php?rest_route=\/wp\/v2\/pages\/3734\/revisions\/11917"}],"wp:attachment":[{"href":"https:\/\/apo33.org\/index.php?rest_route=%2Fwp%2Fv2%2Fmedia&parent=3734"}],"curies":[{"name":"wp","href":"https:\/\/api.w.org\/{rel}","templated":true}]}}