{"id":28,"date":"2015-09-02T19:11:46","date_gmt":"2015-08-30T09:06:40","guid":{"rendered":"http:\/\/apo33.org\/?page_id=28"},"modified":"2022-01-20T18:59:59","modified_gmt":"2022-01-20T17:59:59","slug":"28-2","status":"publish","type":"page","link":"https:\/\/apo33.org\/?page_id=28","title":{"rendered":"Plateforme Int\u00e9rmedia"},"content":{"rendered":"<p><strong>La Fabrique \u2013 Iles de Nantes<\/strong><\/p>\n<p>\u2013 En mati\u00e8re de cr\u00e9ation et de diffusion artistique, La Fabrique Ile de Nantes est un \u00e9quipement structurant du quartier de la cr\u00e9ation qui se d\u00e9veloppe \u00e0 la pointe ouest de l\u2019\u00eele. L\u2019ambition est de cr\u00e9er un quartier plac\u00e9 sous le signe de l\u2019innovation, regroupant des \u00e9tablissements d\u2019enseignement sup\u00e9rieur, des entreprises cr\u00e9atives, des logements, des acteurs culturels et des animations touristiques. Ce quartier de la cr\u00e9ation symbolise un nouvel axe se d\u00e9veloppement de la<br \/>m\u00e9tropole Nantes Saint- Nazaire et envisage une attractivit\u00e9 nationale.<\/p>\n<p><em>La Fabrique \u2013 Iles de Nantes accueille les associations APO33, Stereolux and Trempolino, Jardin C. <\/em><\/p>\n<p>Plus d\u2019info : <a href=\"http:\/\/www.lafabrique.nantes.fr\/\">http:\/\/www.lafabrique.nantes.fr\/<\/a><\/p>\n<p>\u00a0<\/p>\n\n\n<div class=\"wp-block-media-text alignwide is-stacked-on-mobile post\"><figure class=\"wp-block-media-text__media\"><img loading=\"lazy\" width=\"700\" height=\"435\" src=\"http:\/\/apo33.org\/wp-content\/uploads\/2022\/01\/IMG_20200704_192954-scaled-e1642701568423-700x435.jpg\" alt=\"\" class=\"wp-image-7946 size-large\" srcset=\"https:\/\/apo33.org\/wp-content\/uploads\/2022\/01\/IMG_20200704_192954-scaled-e1642701568423-700x435.jpg 700w, https:\/\/apo33.org\/wp-content\/uploads\/2022\/01\/IMG_20200704_192954-scaled-e1642701568423-300x186.jpg 300w, https:\/\/apo33.org\/wp-content\/uploads\/2022\/01\/IMG_20200704_192954-scaled-e1642701568423-150x93.jpg 150w, https:\/\/apo33.org\/wp-content\/uploads\/2022\/01\/IMG_20200704_192954-scaled-e1642701568423-1536x954.jpg 1536w, https:\/\/apo33.org\/wp-content\/uploads\/2022\/01\/IMG_20200704_192954-scaled-e1642701568423-2048x1273.jpg 2048w\" sizes=\"(max-width: 700px) 100vw, 700px\" \/><\/figure><div class=\"wp-block-media-text__content\">\n<h3><strong>Plateforme Int\u00e9rmedia<\/strong><\/h3>\n\n\n\n<p>\u2013 La Plateforme Interm\u00e9dia est une proposition artistique et culturelle d\u2019APO33 \u00e0 la Fabrique \u00eele de<br>Nantes. L\u2019objectif de ce lieu est de mettre en avant les modes de pratique actuelle, contemporaine croisant art, musique, technologie, philosophie, social et les liens qui existent entre ces disciplines. Avec la plateforme interm\u00e9dia, APO33 cr\u00e9\u00e9 un espace qui permet de rendre visible les genres de la cr\u00e9ation \u201cinterm\u00e9dia\u201d, d\u2019inviter le grand public \u00e0 d\u00e9couvrir des projets qui refl\u00e8tent les innovations du quotidien et leurs importances dans la transformation de notre soci\u00e9t\u00e9.<\/p>\n<\/div><\/div>\n","protected":false},"excerpt":{"rendered":"<p>La Fabrique \u2013 Iles de Nantes \u2013 En mati\u00e8re de cr\u00e9ation et de diffusion artistique, La Fabrique Ile de Nantes est un \u00e9quipement structurant du<a class=\"moretag\" href=\"https:\/\/apo33.org\/?page_id=28\"> <span class=\"dashicons dashicons-plus\"><\/span><span class=\"dashicons dashicons-plus\"><\/span> <\/a><\/p>\n","protected":false},"author":1,"featured_media":0,"parent":0,"menu_order":0,"comment_status":"closed","ping_status":"closed","template":"","meta":{"_links_to":"","_links_to_target":""},"_links":{"self":[{"href":"https:\/\/apo33.org\/index.php?rest_route=\/wp\/v2\/pages\/28"}],"collection":[{"href":"https:\/\/apo33.org\/index.php?rest_route=\/wp\/v2\/pages"}],"about":[{"href":"https:\/\/apo33.org\/index.php?rest_route=\/wp\/v2\/types\/page"}],"author":[{"embeddable":true,"href":"https:\/\/apo33.org\/index.php?rest_route=\/wp\/v2\/users\/1"}],"replies":[{"embeddable":true,"href":"https:\/\/apo33.org\/index.php?rest_route=%2Fwp%2Fv2%2Fcomments&post=28"}],"version-history":[{"count":10,"href":"https:\/\/apo33.org\/index.php?rest_route=\/wp\/v2\/pages\/28\/revisions"}],"predecessor-version":[{"id":7951,"href":"https:\/\/apo33.org\/index.php?rest_route=\/wp\/v2\/pages\/28\/revisions\/7951"}],"wp:attachment":[{"href":"https:\/\/apo33.org\/index.php?rest_route=%2Fwp%2Fv2%2Fmedia&parent=28"}],"curies":[{"name":"wp","href":"https:\/\/api.w.org\/{rel}","templated":true}]}}