{"id":1443,"date":"2023-01-02T18:52:32","date_gmt":"2021-12-11T16:04:56","guid":{"rendered":"http:\/\/apo33.org\/?page_id=1443"},"modified":"2023-03-08T23:09:06","modified_gmt":"2023-03-08T22:09:06","slug":"agenda-4","status":"publish","type":"page","link":"https:\/\/apo33.org","title":{"rendered":"AGENDA"},"content":{"rendered":"\n<p><\/p>\n\n\n\t\t\t<div id='rfp-shortcode-9426' class='rfp-wrapper rfp-shortcode-9426'><!-- .rfp-wrapper starts -->\n\t\t\t\t<!-- .rfp-filter -->\n\t\t\t\t<div class=\"rfp-filter\">\n\t\t\t\t\t<ul class=\"filter rfpfilters\">\n\t\t\t\t\t\t<li><a href=\"JavaScript:void(0);\" data-filter=\"*\" class=\"active\">ALL \u261b<\/a><\/li>\n\t\t\t\t\t\t\t\t\t\t\t\t\t<li><a href=\"JavaScript:void(0);\" data-filter=\"toolkit-of-care\">Toolkit of Care<\/a><\/li>\n\t\t\t\t\t\t\t\t\t\t\t\t\t\t<li><a href=\"JavaScript:void(0);\" data-filter=\"conference\">Conf\u00e9rences<\/a><\/li>\n\t\t\t\t\t\t\t\t\t\t\t\t\t\t<li><a href=\"JavaScript:void(0);\" data-filter=\"ateliers\">Ateliers<\/a><\/li>\n\t\t\t\t\t\t\t\t\t\t\t\t\t\t<li><a href=\"JavaScript:void(0);\" data-filter=\"exposition\">Expositions<\/a><\/li>\n\t\t\t\t\t\t\t\t\t\t\t\t\t\t<li><a href=\"JavaScript:void(0);\" data-filter=\"concerts\">Concerts<\/a><\/li>\n\t\t\t\t\t\t\t\t\t\t\t\t<\/ul>\n\t\t\t\t<\/div>\n\t\t\t\t<div class=\"rfp-posts rfp-grids\">\n\t\t\t\t\t\t\t\t\t\t\t<div class=\"rfp-item item adultes air ateliers bot concerts uncategorized-fr webradio  rfp-grid md4 sm6 xs12\">\n\t\t\t\t\t\t\t<div class=\"rfp-item-meta\">29 May, 2026<br>@ 7:38 pm<\/div>\t\t\t\t\t\n\t\t<div class=\"rfp-imgwrap\"><img alt=\"Apo33 Node Spring Transmission&#8217;s Tour 2026\" src=\"https:\/\/apo33.org\/wp-content\/uploads\/2026\/03\/tourSpring2026-300x139.jpeg\" class=\"rfp-img\"><\/div>\t\t\t\t\t\t\t\n\t\t\t\t\t<a class=\"rfp-mask\" href=\"https:\/\/apo33.org\/?p=13008\"><\/a>\n\t\t\t\t\t<div class=\"rfp-item-title\"><a class=\"rfp-title-mask\" href=\"https:\/\/apo33.org\/?p=13008\">Apo33 Node Spring Transmission&#8217;s Tour 2026<\/a><\/div>\n\t\t\t\t\t<div class=\"rfp-item-description\"><a class=\"rfp-mask\" href=\"https:\/\/apo33.org\/?p=13008\"><p>Solar Return \u00b7 Radio Noise Collective \u00b7 Apo33 Apo33 part en tourn\u00e9e au printemps 2026 avec trois projets en r\u00e9seau : Solar Return (Jenny Pickett<a class=\"moretag\" href=\"https:\/\/apo33.org\/?p=13008\"> <span class=\"dashicons dashicons-plus\"><\/span><span class=\"dashicons dashicons-plus\"><\/span> <\/a><\/p>\n<\/a><\/div>\n\n\t\t\t\t\t\t<\/div>\n\t\t\t\t\t\t\t\t\t\t\t\t<div class=\"rfp-item item adultes ateliers concerts uncategorized-fr  rfp-grid md4 sm6 xs12\">\n\t\t\t\t\t\t\t<div class=\"rfp-item-meta\">21 May, 2026<br>@ 8:30 pm<\/div>\t\t\t\t\t\n\t\t<div class=\"rfp-imgwrap\"><img alt=\"Soir\u00e9e Rhythmajik \u2013 Orgone Percussion Ensemble avec Seijiro Murayama (JP\/FR)\" src=\"https:\/\/apo33.org\/wp-content\/uploads\/2026\/04\/flyerposter2026-212x300.png\" class=\"rfp-img\"><\/div>\t\t\t\t\t\t\t\n\t\t\t\t\t<a class=\"rfp-mask\" href=\"https:\/\/apo33.org\/?p=13037\"><\/a>\n\t\t\t\t\t<div class=\"rfp-item-title\"><a class=\"rfp-title-mask\" href=\"https:\/\/apo33.org\/?p=13037\">Soir\u00e9e Rhythmajik \u2013 Orgone Percussion Ensemble avec Seijiro Murayama (JP\/FR)<\/a><\/div>\n\t\t\t\t\t<div class=\"rfp-item-description\"><a class=\"rfp-mask\" href=\"https:\/\/apo33.org\/?p=13037\"><p>Concert \u00b7 Performance \u00b7 Workshop \u2014 R\u00e9sidences Rhythmajik Jeudi 21 mai 2026 \u2014 portes \u00e0 20h30, concerts \u00e0 21h00 Les Ateliers de Bitche, Nantes Prix<a class=\"moretag\" href=\"https:\/\/apo33.org\/?p=13037\"> <span class=\"dashicons dashicons-plus\"><\/span><span class=\"dashicons dashicons-plus\"><\/span> <\/a><\/p>\n<\/a><\/div>\n\n\t\t\t\t\t\t<\/div>\n\t\t\t\t\t\t\t\t\t\t\t\t<div class=\"rfp-item item adultes ateliers uncategorized-fr  rfp-grid md4 sm6 xs12\">\n\t\t\t\t\t\t\t<div class=\"rfp-item-meta\">21 May, 2026<br>@ 2:00 pm<\/div>\t\t\t\t\t\n\t\t<div class=\"rfp-imgwrap\"><img alt=\"WORKSHOP \u2014 \u00c9couter, jouer, improviser autrement\" src=\"https:\/\/apo33.org\/wp-content\/uploads\/2026\/04\/workshopSeijiro-212x300.png\" class=\"rfp-img\"><\/div>\t\t\t\t\t\t\t\n\t\t\t\t\t<a class=\"rfp-mask\" href=\"https:\/\/apo33.org\/?p=13041\"><\/a>\n\t\t\t\t\t<div class=\"rfp-item-title\"><a class=\"rfp-title-mask\" href=\"https:\/\/apo33.org\/?p=13041\">WORKSHOP \u2014 \u00c9couter, jouer, improviser autrement<\/a><\/div>\n\t\t\t\t\t<div class=\"rfp-item-description\"><a class=\"rfp-mask\" href=\"https:\/\/apo33.org\/?p=13041\"><p>Avec Seijiro Murayamapercussion \u00b7 batterie \u00b7 voix Jeudi 21 mai 2026 \u00b7 14h\u201317hLes Ateliers de Bitche, NantesPour batteur\u00b7ses et percussionnistes \u2014 tous niveaux30\u20ac (+adh\u00e9sion) &#8211;<a class=\"moretag\" href=\"https:\/\/apo33.org\/?p=13041\"> <span class=\"dashicons dashicons-plus\"><\/span><span class=\"dashicons dashicons-plus\"><\/span> <\/a><\/p>\n<\/a><\/div>\n\n\t\t\t\t\t\t<\/div>\n\t\t\t\t\t\t\t\t\t\t\t\t<div class=\"rfp-item item adultes ateliers uncategorized-fr  rfp-grid md4 sm6 xs12\">\n\t\t\t\t\t\t\t<div class=\"rfp-item-meta\">14 May, 2026<br>@ 5:00 pm<\/div>\t\t\t\t\t\n\t\t<div class=\"rfp-imgwrap\"><img alt=\"Atelier de musique \u00e9lectronique\" src=\"https:\/\/apo33.org\/wp-content\/uploads\/2025\/10\/WorkshopElectrozic2-300x184.jpg\" class=\"rfp-img\"><\/div>\t\t\t\t\t\t\t\n\t\t\t\t\t<a class=\"rfp-mask\" href=\"https:\/\/apo33.org\/?p=13045\"><\/a>\n\t\t\t\t\t<div class=\"rfp-item-title\"><a class=\"rfp-title-mask\" href=\"https:\/\/apo33.org\/?p=13045\">Atelier de musique \u00e9lectronique<\/a><\/div>\n\t\t\t\t\t<div class=\"rfp-item-description\"><a class=\"rfp-mask\" href=\"https:\/\/apo33.org\/?p=13045\"><p>Atelier de Musique \u00c9lectronique : D\u00e9couverte, Cr\u00e9ation et Performance Jeudi 14 mai 202617h \u2013 20hLa Psalette (Impasse de la Psalette, Nantes) Tarifs30\u20ac : participation \u00e0<a class=\"moretag\" href=\"https:\/\/apo33.org\/?p=13045\"> <span class=\"dashicons dashicons-plus\"><\/span><span class=\"dashicons dashicons-plus\"><\/span> <\/a><\/p>\n<\/a><\/div>\n\n\t\t\t\t\t\t<\/div>\n\t\t\t\t\t\t\t\t\t\t\t\t<div class=\"rfp-item item adultes ateliers concerts onsemble uncategorized-fr  rfp-grid md4 sm6 xs12\">\n\t\t\t\t\t\t\t<div class=\"rfp-item-meta\">12 May, 2026<br>@ 6:00 pm<\/div>\t\t\t\t\t\n\t\t<div class=\"rfp-imgwrap\"><img alt=\"Improv\u2019on &#8211; Sessions de musique improvis\u00e9e\" src=\"https:\/\/apo33.org\/wp-content\/uploads\/2026\/03\/improvON-300x139.jpeg\" class=\"rfp-img\"><\/div>\t\t\t\t\t\t\t\n\t\t\t\t\t<a class=\"rfp-mask\" href=\"https:\/\/apo33.org\/?p=13047\"><\/a>\n\t\t\t\t\t<div class=\"rfp-item-title\"><a class=\"rfp-title-mask\" href=\"https:\/\/apo33.org\/?p=13047\">Improv\u2019on &#8211; Sessions de musique improvis\u00e9e<\/a><\/div>\n\t\t\t\t\t<div class=\"rfp-item-description\"><a class=\"rfp-mask\" href=\"https:\/\/apo33.org\/?p=13047\"><p>Improv\u2019onSessions dirig\u00e9es de musique improvis\u00e9eavec Julien Ottavi &amp; Dimitra Kousteridou Mardi 12 mai 202618h\u201320hLa Psalette \u2014 Apo33, Nantes Improv\u2019on est un temps de rencontre et<a class=\"moretag\" href=\"https:\/\/apo33.org\/?p=13047\"> <span class=\"dashicons dashicons-plus\"><\/span><span class=\"dashicons dashicons-plus\"><\/span> <\/a><\/p>\n<\/a><\/div>\n\n\t\t\t\t\t\t<\/div>\n\t\t\t\t\t\t\t\t\t\t\t\t<div class=\"rfp-item item exposition  rfp-grid md4 sm6 xs12\">\n\t\t\t\t\t\t\t<div class=\"rfp-item-meta\">10 May, 2026<br>@ 11:34 pm<\/div>\t\t\t\t\t\n\t\t<div class=\"rfp-imgwrap\"><img alt=\"Exposition Collective : cartographie sensible\" src=\"https:\/\/apo33.org\/wp-content\/uploads\/2026\/03\/flyexpocarto_done-300x139.jpeg\" class=\"rfp-img\"><\/div>\t\t\t\t\t\t\t\n\t\t\t\t\t<a class=\"rfp-mask\" href=\"https:\/\/apo33.org\/?p=12899\"><\/a>\n\t\t\t\t\t<div class=\"rfp-item-title\"><a class=\"rfp-title-mask\" href=\"https:\/\/apo33.org\/?p=12899\">Exposition Collective : cartographie sensible<\/a><\/div>\n\t\t\t\t\t<div class=\"rfp-item-description\"><a class=\"rfp-mask\" href=\"https:\/\/apo33.org\/?p=12899\"><p>Cartographie Sensible \u2014 Une exposition collective au c\u0153ur du vivant Du 11 avril au 10 mai 2026 \u2014 Vernissage jeudi 9 avril \u00e0 18h30 Vernissage<a class=\"moretag\" href=\"https:\/\/apo33.org\/?p=12899\"> <span class=\"dashicons dashicons-plus\"><\/span><span class=\"dashicons dashicons-plus\"><\/span> <\/a><\/p>\n<\/a><\/div>\n\n\t\t\t\t\t\t<\/div>\n\t\t\t\t\t\t\t\t\t\t\t\t<div class=\"rfp-item item concerts uncategorized-fr  rfp-grid md4 sm6 xs12\">\n\t\t\t\t\t\t\t<div class=\"rfp-item-meta\">7 May, 2026<br>@ 7:00 pm<\/div>\t\t\t\t\t\n\t\t<div class=\"rfp-imgwrap\"><img alt=\"Concert Intime avec Paula Escobar Rubio &#038; Dimitra Kousteridou\" src=\"https:\/\/apo33.org\/wp-content\/uploads\/2026\/04\/DimitraGIG_7may26-212x300.jpeg\" class=\"rfp-img\"><\/div>\t\t\t\t\t\t\t\n\t\t\t\t\t<a class=\"rfp-mask\" href=\"https:\/\/apo33.org\/?p=13033\"><\/a>\n\t\t\t\t\t<div class=\"rfp-item-title\"><a class=\"rfp-title-mask\" href=\"https:\/\/apo33.org\/?p=13033\">Concert Intime avec Paula Escobar Rubio &#038; Dimitra Kousteridou<\/a><\/div>\n\t\t\t\t\t<div class=\"rfp-item-description\"><a class=\"rfp-mask\" href=\"https:\/\/apo33.org\/?p=13033\"><p>Concert \u00b7 Performance Soir\u00e9e de musique \u00e9lectronique live Jeudi 7 mai 2026 \u2014 19h00 (d\u00e9but 19h15)La Psalette \u2014 Impasse de la Psalette, NantesPrix libre \u2014<a class=\"moretag\" href=\"https:\/\/apo33.org\/?p=13033\"> <span class=\"dashicons dashicons-plus\"><\/span><span class=\"dashicons dashicons-plus\"><\/span> <\/a><\/p>\n<\/a><\/div>\n\n\t\t\t\t\t\t<\/div>\n\t\t\t\t\t\t\t\t\t\t\t\t<div class=\"rfp-item item adultes ateliers uncategorized-fr  rfp-grid md4 sm6 xs12\">\n\t\t\t\t\t\t\t<div class=\"rfp-item-meta\">23 Apr, 2026<br>@ 5:00 pm<\/div>\t\t\t\t\t\n\t\t<div class=\"rfp-imgwrap\"><img alt=\"Atelier de musique \u00e9lectronique\" src=\"https:\/\/apo33.org\/wp-content\/uploads\/2025\/10\/WorkshopElectrozic2-300x184.jpg\" class=\"rfp-img\"><\/div>\t\t\t\t\t\t\t\n\t\t\t\t\t<a class=\"rfp-mask\" href=\"https:\/\/apo33.org\/?p=12991\"><\/a>\n\t\t\t\t\t<div class=\"rfp-item-title\"><a class=\"rfp-title-mask\" href=\"https:\/\/apo33.org\/?p=12991\">Atelier de musique \u00e9lectronique<\/a><\/div>\n\t\t\t\t\t<div class=\"rfp-item-description\"><a class=\"rfp-mask\" href=\"https:\/\/apo33.org\/?p=12991\"><p>Atelier de Musique \u00c9lectronique : D\u00e9couverte, Cr\u00e9ation et Performance Jeudi 23 avril 202617h \u2013 20hLa Psalette (Impasse de la Psalette, Nantes) Tarifs30\u20ac : participation \u00e0<a class=\"moretag\" href=\"https:\/\/apo33.org\/?p=12991\"> <span class=\"dashicons dashicons-plus\"><\/span><span class=\"dashicons dashicons-plus\"><\/span> <\/a><\/p>\n<\/a><\/div>\n\n\t\t\t\t\t\t<\/div>\n\t\t\t\t\t\t\t\t\t\t\t\t<div class=\"rfp-item item ateliers dimeelectronics enfants uncategorized-fr  rfp-grid md4 sm6 xs12\">\n\t\t\t\t\t\t\t<div class=\"rfp-item-meta\">22 Apr, 2026<br>@ 10:00 am<\/div>\t\t\t\t\t\n\t\t<div class=\"rfp-imgwrap\"><img alt=\"Ateliers de musique \u00e9lectronique pour les ados (11-17 ans)\" src=\"https:\/\/apo33.org\/wp-content\/uploads\/2026\/03\/ateliermusiceelectroADO-300x252.jpeg\" class=\"rfp-img\"><\/div>\t\t\t\t\t\t\t\n\t\t\t\t\t<a class=\"rfp-mask\" href=\"https:\/\/apo33.org\/?p=12906\"><\/a>\n\t\t\t\t\t<div class=\"rfp-item-title\"><a class=\"rfp-title-mask\" href=\"https:\/\/apo33.org\/?p=12906\">Ateliers de musique \u00e9lectronique pour les ados (11-17 ans)<\/a><\/div>\n\t\t\t\t\t<div class=\"rfp-item-description\"><a class=\"rfp-mask\" href=\"https:\/\/apo33.org\/?p=12906\"><p>ATELIERS MUSIQUE \u00c9LECTRONIQUE (11\u201317 ans) \u2014 APO33Cr\u00e9er du son avec des machines, sans ordinateur Mercredi 22 avril 202610h\u201312h14h\u201316hApo33 \u2014 Nantes Une exp\u00e9rience sonore unique pendant<a class=\"moretag\" href=\"https:\/\/apo33.org\/?p=12906\"> <span class=\"dashicons dashicons-plus\"><\/span><span class=\"dashicons dashicons-plus\"><\/span> <\/a><\/p>\n<\/a><\/div>\n\n\t\t\t\t\t\t<\/div>\n\t\t\t\t\t\t\t\t\t\t\t\t<div class=\"rfp-item item adultes ateliers concerts uncategorized-fr  rfp-grid md4 sm6 xs12\">\n\t\t\t\t\t\t\t<div class=\"rfp-item-meta\">18 Apr, 2026<br>@ 9:54 pm<\/div>\t\t\t\t\t\n\t\t<div class=\"rfp-imgwrap\"><img alt=\"London City Statics: Apo33 x Radio Noise Collective performance\" src=\"https:\/\/apo33.org\/wp-content\/uploads\/2026\/04\/radionoiseFlyerLondon-300x225.jpeg\" class=\"rfp-img\"><\/div>\t\t\t\t\t\t\t\n\t\t\t\t\t<a class=\"rfp-mask\" href=\"https:\/\/apo33.org\/?p=13017\"><\/a>\n\t\t\t\t\t<div class=\"rfp-item-title\"><a class=\"rfp-title-mask\" href=\"https:\/\/apo33.org\/?p=13017\">London City Statics: Apo33 x Radio Noise Collective performance<\/a><\/div>\n\t\t\t\t\t<div class=\"rfp-item-description\"><a class=\"rfp-mask\" href=\"https:\/\/apo33.org\/?p=13017\"><p>RADIO TRANSMISSIONS \u2014 APO33 \u00d7 Radio Noise Collective Etcetera Theatre Garden \u2014 Samedi 18 avril 2026 \u2014 19h00 \u00e0 20h00 Une soir\u00e9e de radio exp\u00e9rimentale,<a class=\"moretag\" href=\"https:\/\/apo33.org\/?p=13017\"> <span class=\"dashicons dashicons-plus\"><\/span><span class=\"dashicons dashicons-plus\"><\/span> <\/a><\/p>\n<\/a><\/div>\n\n\t\t\t\t\t\t<\/div>\n\t\t\t\t\t\t\t\t\t\t\t\t<div class=\"rfp-item item air exposition online uncategorized-fr webradio  rfp-grid md4 sm6 xs12\">\n\t\t\t\t\t\t\t<div class=\"rfp-item-meta\">18 Apr, 2026<br>@ 10:39 am<\/div>\t\t\t\t\t\n\t\t<div class=\"rfp-imgwrap\"><img alt=\"Horspiel Cityscape &#8211; Brighton\" src=\"https:\/\/apo33.org\/wp-content\/uploads\/2026\/02\/image_logo_horspiel-300x246.jpg\" class=\"rfp-img\"><\/div>\t\t\t\t\t\t\t\n\t\t\t\t\t<a class=\"rfp-mask\" href=\"https:\/\/apo33.org\/?p=13027\"><\/a>\n\t\t\t\t\t<div class=\"rfp-item-title\"><a class=\"rfp-title-mask\" href=\"https:\/\/apo33.org\/?p=13027\">Horspiel Cityscape &#8211; Brighton<\/a><\/div>\n\t\t\t\t\t<div class=\"rfp-item-description\"><a class=\"rfp-mask\" href=\"https:\/\/apo33.org\/?p=13027\"><p>HORSPIEL CITYSCAPE \u2014 art radiophonique &amp; transmissions Brighton | 15\u201318 avril 2026 Flux principal (archives) : (+ relais multi-plateformes) HORSPIEL CITYSCAPE est un projet de<a class=\"moretag\" href=\"https:\/\/apo33.org\/?p=13027\"> <span class=\"dashicons dashicons-plus\"><\/span><span class=\"dashicons dashicons-plus\"><\/span> <\/a><\/p>\n<\/a><\/div>\n\n\t\t\t\t\t\t<\/div>\n\t\t\t\t\t\t\t\t\t\t\t\t<div class=\"rfp-item item adultes ateliers concerts exposition uncategorized-fr  rfp-grid md4 sm6 xs12\">\n\t\t\t\t\t\t\t<div class=\"rfp-item-meta\">16 Apr, 2026<br>@ 5:30 pm<\/div>\t\t\t\t\t\n\t\t<div class=\"rfp-imgwrap\"><img alt=\"Brighton City Statics : Apo33 \u00d7 Radio Noise Collective\" src=\"https:\/\/apo33.org\/wp-content\/uploads\/2026\/04\/radionoiseFlyer-1-300x225.jpeg\" class=\"rfp-img\"><\/div>\t\t\t\t\t\t\t\n\t\t\t\t\t<a class=\"rfp-mask\" href=\"https:\/\/apo33.org\/?p=12998\"><\/a>\n\t\t\t\t\t<div class=\"rfp-item-title\"><a class=\"rfp-title-mask\" href=\"https:\/\/apo33.org\/?p=12998\">Brighton City Statics : Apo33 \u00d7 Radio Noise Collective<\/a><\/div>\n\t\t\t\t\t<div class=\"rfp-item-description\"><a class=\"rfp-mask\" href=\"https:\/\/apo33.org\/?p=12998\"><p>RADIO TRANSMISSIONS \u2014 APO33 \u00d7 Radio Noise Collective Gallery Lower Rock Gardens, BrightonJeudi 16 avril 202617h30 \u2014 19h30 Une soir\u00e9e de radio exp\u00e9rimentale, de transmission<a class=\"moretag\" href=\"https:\/\/apo33.org\/?p=12998\"> <span class=\"dashicons dashicons-plus\"><\/span><span class=\"dashicons dashicons-plus\"><\/span> <\/a><\/p>\n<\/a><\/div>\n\n\t\t\t\t\t\t<\/div>\n\t\t\t\t\t\t\t\t\t\t<\/div>\n\t\t\t\t<script>\n\t\t\t\tjQuery(window).load( function() \n\t\t\t\t{\n\t\t\t\t\tvar $container = jQuery('#rfp-shortcode-9426 .rfp-posts');\n\t\t\t\t\t\/\/ initialize isotope\n\t\t\t\t\t$container.isotope({\n\t\t\t\t\t\tfilter: '*',\n\t\t\t\t\t\tanimationOptions: {\n\t\t\t\t\t\t\tduration: 750,\n\t\t\t\t\t\t\teasing: 'linear',\n\t\t\t\t\t\t\tqueue: false,\n\t\t\t\t\t\t}\n\t\t\t\t\t});\n\t\t\t\t\t\/\/ filter items when filter link is clicked\n\t\t\t\t\tjQuery('#rfp-shortcode-9426 .rfpfilters a').click(function(){\n\t\t\t\t\t\tvar selector = jQuery(this).attr('data-filter');\n\t\t\t\t\t\tif( selector !== '*' ) selector = selector.replace(selector, '.' + selector)\n\t\t\t\t\t\t$container.isotope({ \n\t\t\t\t\t\t\tfilter: selector ,\n\t\t\t\t\t\t\tanimationOptions: {\n\t\t\t\t\t\t\t\tduration: 750,\n\t\t\t\t\t\t\t\teasing: 'linear',\n\t\t\t\t\t\t\t\tqueue: false,\t\n\t\t\t\t\t\t\t}\n\t\t\t\t\t\t});\n\t\t\t\t\t\treturn false;\n\t\t\t\t\t});\n\t\t\t\t\t\/\/ set active filter items\n\t\t\t\t\tvar $optionSets = jQuery('#rfp-shortcode-9426 .filter'),\n\t\t\t\t\t$optionLinks    = $optionSets.find('a');\n\t\t\t\t\t$optionLinks.click(function(){\n\t\t\t\t\t\tvar $this = jQuery(this);\n\t\t\t\t\t\t\/\/ don't proceed if already active\n\t\t\t\t\t\tif ( $this.hasClass('active') ) {\n\t\t\t\t\t\t\treturn false;\n\t\t\t\t\t\t}\n\t\t\t\t\t\tvar $optionSet = $this.parents('.filter');\n\t\t\t\t\t\t$optionSet.find('.active').removeClass('active');\n\t\t\t\t\t\t$this.addClass('active'); \n\t\t\t\t\t});\n\t\t\t\t});\t\n\t\t\t\t<\/script>\n\t\t\t<\/div><!-- .rfp-wrapper ends -->\n\t\t\t\n","protected":false},"excerpt":{"rendered":"","protected":false},"author":1,"featured_media":0,"parent":0,"menu_order":0,"comment_status":"closed","ping_status":"closed","template":"","meta":{"_links_to":"","_links_to_target":""},"_links":{"self":[{"href":"https:\/\/apo33.org\/index.php?rest_route=\/wp\/v2\/pages\/1443"}],"collection":[{"href":"https:\/\/apo33.org\/index.php?rest_route=\/wp\/v2\/pages"}],"about":[{"href":"https:\/\/apo33.org\/index.php?rest_route=\/wp\/v2\/types\/page"}],"author":[{"embeddable":true,"href":"https:\/\/apo33.org\/index.php?rest_route=\/wp\/v2\/users\/1"}],"replies":[{"embeddable":true,"href":"https:\/\/apo33.org\/index.php?rest_route=%2Fwp%2Fv2%2Fcomments&post=1443"}],"version-history":[{"count":15,"href":"https:\/\/apo33.org\/index.php?rest_route=\/wp\/v2\/pages\/1443\/revisions"}],"predecessor-version":[{"id":9427,"href":"https:\/\/apo33.org\/index.php?rest_route=\/wp\/v2\/pages\/1443\/revisions\/9427"}],"wp:attachment":[{"href":"https:\/\/apo33.org\/index.php?rest_route=%2Fwp%2Fv2%2Fmedia&parent=1443"}],"curies":[{"name":"wp","href":"https:\/\/api.w.org\/{rel}","templated":true}]}}